{"id":1109,"date":"2019-10-02T11:28:20","date_gmt":"2019-10-02T11:28:20","guid":{"rendered":"https:\/\/akanehinata.com\/contacts\/"},"modified":"2026-03-09T17:58:12","modified_gmt":"2026-03-09T17:58:12","slug":"kontaktid-shiba-inu-kutsikad","status":"publish","type":"page","link":"https:\/\/akanehinata.eu\/et\/kontaktid-shiba-inu-kutsikad\/","title":{"rendered":"KONTAKTID"},"content":{"rendered":"\t\t<div data-elementor-type=\"wp-page\" data-elementor-id=\"1109\" class=\"elementor elementor-1109 elementor-60\" data-elementor-post-type=\"page\">\n\t\t\t\t\t\t<section class=\"elementor-section elementor-top-section elementor-element elementor-element-af0df0f elementor-section-stretched elementor-section-boxed elementor-section-height-default elementor-section-height-default\" data-id=\"af0df0f\" data-element_type=\"section\" data-e-type=\"section\" data-settings=\"{&quot;stretch_section&quot;:&quot;section-stretched&quot;}\">\n\t\t\t\t\t\t<div class=\"elementor-container elementor-column-gap-wider\">\n\t\t\t\t\t<div class=\"elementor-column elementor-col-100 elementor-top-column elementor-element elementor-element-e635150\" data-id=\"e635150\" data-element_type=\"column\" data-e-type=\"column\">\n\t\t\t<div class=\"elementor-widget-wrap elementor-element-populated\">\n\t\t\t\t\t\t<section class=\"elementor-section elementor-inner-section elementor-element elementor-element-9f337da elementor-section-boxed elementor-section-height-default elementor-section-height-default\" data-id=\"9f337da\" data-element_type=\"section\" data-e-type=\"section\">\n\t\t\t\t\t\t<div class=\"elementor-container elementor-column-gap-default\">\n\t\t\t\t\t<div class=\"elementor-column elementor-col-50 elementor-inner-column elementor-element elementor-element-984e4fc\" data-id=\"984e4fc\" data-element_type=\"column\" data-e-type=\"column\">\n\t\t\t<div class=\"elementor-widget-wrap elementor-element-populated\">\n\t\t\t\t\t\t<div class=\"elementor-element elementor-element-021e278 elementor-hidden-mobile elementor-widget elementor-widget-text-editor\" data-id=\"021e278\" data-element_type=\"widget\" data-e-type=\"widget\" data-widget_type=\"text-editor.default\">\n\t\t\t\t<div class=\"elementor-widget-container\">\n\t\t\t\t\t\t\t\t\t<p>Kirjuta meile<\/p>\t\t\t\t\t\t\t\t<\/div>\n\t\t\t\t<\/div>\n\t\t\t\t<div class=\"elementor-element elementor-element-e475ca8 elementor-icon-list--layout-traditional elementor-list-item-link-full_width elementor-widget elementor-widget-icon-list\" data-id=\"e475ca8\" data-element_type=\"widget\" data-e-type=\"widget\" data-widget_type=\"icon-list.default\">\n\t\t\t\t<div class=\"elementor-widget-container\">\n\t\t\t\t\t\t\t<ul class=\"elementor-icon-list-items\">\n\t\t\t\t\t\t\t<li class=\"elementor-icon-list-item\">\n\t\t\t\t\t\t\t\t\t\t\t<a href=\"tel:372%205665%201171\">\n\n\t\t\t\t\t\t\t\t\t\t\t\t<span class=\"elementor-icon-list-icon\">\n\t\t\t\t\t\t\t<i aria-hidden=\"true\" class=\"fas fa-phone-alt\"><\/i>\t\t\t\t\t\t<\/span>\n\t\t\t\t\t\t\t\t\t\t<span class=\"elementor-icon-list-text\">+372 5665 1171 (RUS, ENG, EST)<\/span>\n\t\t\t\t\t\t\t\t\t\t\t<\/a>\n\t\t\t\t\t\t\t\t\t<\/li>\n\t\t\t\t\t\t\t\t<li class=\"elementor-icon-list-item\">\n\t\t\t\t\t\t\t\t\t\t\t<a href=\"mailto:info@akanehinata.eu\">\n\n\t\t\t\t\t\t\t\t\t\t\t\t<span class=\"elementor-icon-list-icon\">\n\t\t\t\t\t\t\t<i aria-hidden=\"true\" class=\"far fa-envelope\"><\/i>\t\t\t\t\t\t<\/span>\n\t\t\t\t\t\t\t\t\t\t<span class=\"elementor-icon-list-text\">info@akanehinata.eu<\/span>\n\t\t\t\t\t\t\t\t\t\t\t<\/a>\n\t\t\t\t\t\t\t\t\t<\/li>\n\t\t\t\t\t\t\t\t<li class=\"elementor-icon-list-item\">\n\t\t\t\t\t\t\t\t\t\t\t<span class=\"elementor-icon-list-icon\">\n\t\t\t\t\t\t\t<i aria-hidden=\"true\" class=\"fas fa-location-arrow\"><\/i>\t\t\t\t\t\t<\/span>\n\t\t\t\t\t\t\t\t\t\t<span class=\"elementor-icon-list-text\">Tallinn, Estonia<\/span>\n\t\t\t\t\t\t\t\t\t<\/li>\n\t\t\t\t\t\t<\/ul>\n\t\t\t\t\t\t<\/div>\n\t\t\t\t<\/div>\n\t\t\t\t<div class=\"elementor-element elementor-element-45aa6db elementor-shape-rounded elementor-grid-0 elementor-widget elementor-widget-social-icons\" data-id=\"45aa6db\" data-element_type=\"widget\" data-e-type=\"widget\" data-widget_type=\"social-icons.default\">\n\t\t\t\t<div class=\"elementor-widget-container\">\n\t\t\t\t\t\t\t<div class=\"elementor-social-icons-wrapper elementor-grid\" role=\"list\">\n\t\t\t\t\t\t\t<span class=\"elementor-grid-item\" role=\"listitem\">\n\t\t\t\t\t<a class=\"elementor-icon elementor-social-icon elementor-social-icon-facebook elementor-repeater-item-2205f79\" href=\"https:\/\/www.facebook.com\/shibaeesti\/\" target=\"_blank\">\n\t\t\t\t\t\t<span class=\"elementor-screen-only\">Facebook<\/span>\n\t\t\t\t\t\t<i aria-hidden=\"true\" class=\"fab fa-facebook\"><\/i>\t\t\t\t\t<\/a>\n\t\t\t\t<\/span>\n\t\t\t\t\t\t\t<span class=\"elementor-grid-item\" role=\"listitem\">\n\t\t\t\t\t<a class=\"elementor-icon elementor-social-icon elementor-social-icon-instagram elementor-repeater-item-cd99af5\" href=\"https:\/\/www.instagram.com\/akanehinata_kennel\/\" target=\"_blank\">\n\t\t\t\t\t\t<span class=\"elementor-screen-only\">Instagram<\/span>\n\t\t\t\t\t\t<i aria-hidden=\"true\" class=\"fab fa-instagram\"><\/i>\t\t\t\t\t<\/a>\n\t\t\t\t<\/span>\n\t\t\t\t\t<\/div>\n\t\t\t\t\t\t<\/div>\n\t\t\t\t<\/div>\n\t\t\t\t\t<\/div>\n\t\t<\/div>\n\t\t\t\t<div class=\"elementor-column elementor-col-50 elementor-inner-column elementor-element elementor-element-bff48f4\" data-id=\"bff48f4\" data-element_type=\"column\" data-e-type=\"column\" data-settings=\"{&quot;background_background&quot;:&quot;classic&quot;}\">\n\t\t\t<div class=\"elementor-widget-wrap elementor-element-populated\">\n\t\t\t\t\t\t<div class=\"elementor-element elementor-element-f5f916a elementor-widget elementor-widget-shortcode\" data-id=\"f5f916a\" data-element_type=\"widget\" data-e-type=\"widget\" data-widget_type=\"shortcode.default\">\n\t\t\t\t<div class=\"elementor-widget-container\">\n\t\t\t\t\t\t\t<div class=\"elementor-shortcode\">\n<div class=\"wpcf7 no-js\" id=\"wpcf7-f4317-o1\" lang=\"en-US\" dir=\"ltr\" data-wpcf7-id=\"4317\">\n<div class=\"screen-reader-response\"><p role=\"status\" aria-live=\"polite\" aria-atomic=\"true\"><\/p> <ul><\/ul><\/div>\n<form action=\"\/et\/wp-json\/wp\/v2\/pages\/1109#wpcf7-f4317-o1\" method=\"post\" class=\"wpcf7-form init\" aria-label=\"Contact form\" novalidate=\"novalidate\" data-status=\"init\">\n<fieldset class=\"hidden-fields-container\"><input type=\"hidden\" name=\"_wpcf7\" value=\"4317\" \/><input type=\"hidden\" name=\"_wpcf7_version\" value=\"6.1.5\" \/><input type=\"hidden\" name=\"_wpcf7_locale\" value=\"en_US\" \/><input type=\"hidden\" name=\"_wpcf7_unit_tag\" value=\"wpcf7-f4317-o1\" \/><input type=\"hidden\" name=\"_wpcf7_container_post\" value=\"0\" \/><input type=\"hidden\" name=\"_wpcf7_posted_data_hash\" value=\"\" \/><input type=\"hidden\" name=\"_wpcf7_recaptcha_response\" value=\"\" \/>\n<\/fieldset>\n<div class=\"column one-second\">\n\t<p><span class=\"wpcf7-form-control-wrap\" data-name=\"your-name\"><input size=\"40\" maxlength=\"400\" class=\"wpcf7-form-control wpcf7-text wpcf7-validates-as-required\" aria-required=\"true\" aria-invalid=\"false\" placeholder=\"Teie nimi*\" value=\"\" type=\"text\" name=\"your-name\" \/><\/span>\n\t<\/p>\n<\/div>\n<div class=\"column one-second\">\n\t<p><span class=\"wpcf7-form-control-wrap\" data-name=\"your-email\"><input size=\"40\" maxlength=\"400\" class=\"wpcf7-form-control wpcf7-email wpcf7-validates-as-required wpcf7-text wpcf7-validates-as-email\" aria-required=\"true\" aria-invalid=\"false\" placeholder=\"Teie e-post*\" value=\"\" type=\"email\" name=\"your-email\" \/><\/span>\n\t<\/p>\n<\/div>\n<div class=\"column one\">\n\t<p><span class=\"wpcf7-form-control-wrap\" data-name=\"your-message\"><textarea cols=\"40\" rows=\"10\" maxlength=\"2000\" class=\"wpcf7-form-control wpcf7-textarea wpcf7-validates-as-required\" aria-required=\"true\" aria-invalid=\"false\" placeholder=\"S\u00f5num*\" name=\"your-message\"><\/textarea><\/span>\n\t<\/p>\n<\/div>\n<div class=\"column one\">\n\t<p><input class=\"wpcf7-form-control wpcf7-submit has-spinner\" type=\"submit\" value=\"Saada s\u00f5num\" \/>\n\t<\/p>\n<\/div><div class=\"wpcf7-response-output\" aria-hidden=\"true\"><\/div>\n<\/form>\n<\/div>\n<\/div>\n\t\t\t\t\t\t<\/div>\n\t\t\t\t<\/div>\n\t\t\t\t\t<\/div>\n\t\t<\/div>\n\t\t\t\t\t<\/div>\n\t\t<\/section>\n\t\t\t\t\t<\/div>\n\t\t<\/div>\n\t\t\t\t\t<\/div>\n\t\t<\/section>\n\t\t\t\t<\/div>\n\t\t","protected":false},"excerpt":{"rendered":"<p>Kirjuta meile +372 5665 1171 (RUS, ENG, EST) info@akanehinata.eu Tallinn, Estonia Facebook Instagram<\/p>\n","protected":false},"author":1,"featured_media":0,"parent":0,"menu_order":0,"comment_status":"closed","ping_status":"closed","template":"","meta":{"footnotes":""},"class_list":["post-1109","page","type-page","status-publish","hentry"],"yoast_head":"<!-- This site is optimized with the Yoast SEO plugin v26.7 - https:\/\/yoast.com\/wordpress\/plugins\/seo\/ -->\n<title>Shiba inu kutsika ostmiseks v\u00f5tke julgelt \u00fchendust! - Akane-Hinata Kennel<\/title>\n<meta name=\"description\" content=\"Shiba inu kutsika saamiseks v\u00f5tke meiega julgelt \u00fchendust! FCI\/EKL sugupuu, eluaegne tugi, kiip, vaktsiin - terve pakett!\" \/>\n<meta name=\"robots\" content=\"index, follow, max-snippet:-1, max-image-preview:large, max-video-preview:-1\" \/>\n<link rel=\"canonical\" href=\"https:\/\/akanehinata.eu\/et\/kontaktid-shiba-inu-kutsikad\/\" \/>\n<meta property=\"og:locale\" content=\"et_EE\" \/>\n<meta property=\"og:type\" content=\"article\" \/>\n<meta property=\"og:title\" content=\"Shiba inu kutsika ostmiseks v\u00f5tke julgelt \u00fchendust! - Akane-Hinata Kennel\" \/>\n<meta property=\"og:description\" content=\"Shiba inu kutsika saamiseks v\u00f5tke meiega julgelt \u00fchendust! FCI\/EKL sugupuu, eluaegne tugi, kiip, vaktsiin - terve pakett!\" \/>\n<meta property=\"og:url\" content=\"https:\/\/akanehinata.eu\/et\/kontaktid-shiba-inu-kutsikad\/\" \/>\n<meta property=\"og:site_name\" content=\"Japanese Shiba Inu Kennel in Estonia\" \/>\n<meta property=\"article:publisher\" content=\"https:\/\/www.facebook.com\/shibaeesti\" \/>\n<meta property=\"article:modified_time\" content=\"2026-03-09T17:58:12+00:00\" \/>\n<meta name=\"twitter:card\" content=\"summary_large_image\" \/>\n<meta name=\"twitter:label1\" content=\"Est. reading time\" \/>\n\t<meta name=\"twitter:data1\" content=\"1 minut\" \/>\n<script type=\"application\/ld+json\" class=\"yoast-schema-graph\">{\"@context\":\"https:\/\/schema.org\",\"@graph\":[{\"@type\":\"WebPage\",\"@id\":\"https:\/\/akanehinata.eu\/et\/kontaktid-shiba-inu-kutsikad\/\",\"url\":\"https:\/\/akanehinata.eu\/et\/kontaktid-shiba-inu-kutsikad\/\",\"name\":\"Shiba inu kutsika ostmiseks v\u00f5tke julgelt \u00fchendust! - Akane-Hinata Kennel\",\"isPartOf\":{\"@id\":\"https:\/\/akanehinata.eu\/#website\"},\"datePublished\":\"2019-10-02T11:28:20+00:00\",\"dateModified\":\"2026-03-09T17:58:12+00:00\",\"description\":\"Shiba inu kutsika saamiseks v\u00f5tke meiega julgelt \u00fchendust! FCI\/EKL sugupuu, eluaegne tugi, kiip, vaktsiin - terve pakett!\",\"breadcrumb\":{\"@id\":\"https:\/\/akanehinata.eu\/et\/kontaktid-shiba-inu-kutsikad\/#breadcrumb\"},\"inLanguage\":\"et\",\"potentialAction\":[{\"@type\":\"ReadAction\",\"target\":[\"https:\/\/akanehinata.eu\/et\/kontaktid-shiba-inu-kutsikad\/\"]}]},{\"@type\":\"BreadcrumbList\",\"@id\":\"https:\/\/akanehinata.eu\/et\/kontaktid-shiba-inu-kutsikad\/#breadcrumb\",\"itemListElement\":[{\"@type\":\"ListItem\",\"position\":1,\"name\":\"Home\",\"item\":\"https:\/\/akanehinata.eu\/et\/\"},{\"@type\":\"ListItem\",\"position\":2,\"name\":\"KONTAKTID\"}]},{\"@type\":\"WebSite\",\"@id\":\"https:\/\/akanehinata.eu\/#website\",\"url\":\"https:\/\/akanehinata.eu\/\",\"name\":\"Japanese Shiba Inu Kennel in Estonia\",\"description\":\"Shiba inu Kennel, Tallinn, Estonia\",\"publisher\":{\"@id\":\"https:\/\/akanehinata.eu\/#organization\"},\"alternateName\":\"Eesti shiba inu kennel\",\"potentialAction\":[{\"@type\":\"SearchAction\",\"target\":{\"@type\":\"EntryPoint\",\"urlTemplate\":\"https:\/\/akanehinata.eu\/?s={search_term_string}\"},\"query-input\":{\"@type\":\"PropertyValueSpecification\",\"valueRequired\":true,\"valueName\":\"search_term_string\"}}],\"inLanguage\":\"et\"},{\"@type\":\"Organization\",\"@id\":\"https:\/\/akanehinata.eu\/#organization\",\"name\":\"Akane-Hinata Kennel\",\"alternateName\":\"Akane-Hinata Shiba Inu Kennel\",\"url\":\"https:\/\/akanehinata.eu\/\",\"logo\":{\"@type\":\"ImageObject\",\"inLanguage\":\"et\",\"@id\":\"https:\/\/akanehinata.eu\/#\/schema\/logo\/image\/\",\"url\":\"https:\/\/akanehinata.eu\/wp-content\/uploads\/Akane_Hinata_logo_color-scaled.jpg\",\"contentUrl\":\"https:\/\/akanehinata.eu\/wp-content\/uploads\/Akane_Hinata_logo_color-scaled.jpg\",\"width\":2560,\"height\":2560,\"caption\":\"Akane-Hinata Kennel\"},\"image\":{\"@id\":\"https:\/\/akanehinata.eu\/#\/schema\/logo\/image\/\"},\"sameAs\":[\"https:\/\/www.facebook.com\/shibaeesti\"]}]}<\/script>\n<!-- \/ Yoast SEO plugin. -->","yoast_head_json":{"title":"Shiba inu kutsika ostmiseks v\u00f5tke julgelt \u00fchendust! - Akane-Hinata Kennel","description":"Shiba inu kutsika saamiseks v\u00f5tke meiega julgelt \u00fchendust! FCI\/EKL sugupuu, eluaegne tugi, kiip, vaktsiin - terve pakett!","robots":{"index":"index","follow":"follow","max-snippet":"max-snippet:-1","max-image-preview":"max-image-preview:large","max-video-preview":"max-video-preview:-1"},"canonical":"https:\/\/akanehinata.eu\/et\/kontaktid-shiba-inu-kutsikad\/","og_locale":"et_EE","og_type":"article","og_title":"Shiba inu kutsika ostmiseks v\u00f5tke julgelt \u00fchendust! - Akane-Hinata Kennel","og_description":"Shiba inu kutsika saamiseks v\u00f5tke meiega julgelt \u00fchendust! FCI\/EKL sugupuu, eluaegne tugi, kiip, vaktsiin - terve pakett!","og_url":"https:\/\/akanehinata.eu\/et\/kontaktid-shiba-inu-kutsikad\/","og_site_name":"Japanese Shiba Inu Kennel in Estonia","article_publisher":"https:\/\/www.facebook.com\/shibaeesti","article_modified_time":"2026-03-09T17:58:12+00:00","twitter_card":"summary_large_image","twitter_misc":{"Est. reading time":"1 minut"},"schema":{"@context":"https:\/\/schema.org","@graph":[{"@type":"WebPage","@id":"https:\/\/akanehinata.eu\/et\/kontaktid-shiba-inu-kutsikad\/","url":"https:\/\/akanehinata.eu\/et\/kontaktid-shiba-inu-kutsikad\/","name":"Shiba inu kutsika ostmiseks v\u00f5tke julgelt \u00fchendust! - Akane-Hinata Kennel","isPartOf":{"@id":"https:\/\/akanehinata.eu\/#website"},"datePublished":"2019-10-02T11:28:20+00:00","dateModified":"2026-03-09T17:58:12+00:00","description":"Shiba inu kutsika saamiseks v\u00f5tke meiega julgelt \u00fchendust! FCI\/EKL sugupuu, eluaegne tugi, kiip, vaktsiin - terve pakett!","breadcrumb":{"@id":"https:\/\/akanehinata.eu\/et\/kontaktid-shiba-inu-kutsikad\/#breadcrumb"},"inLanguage":"et","potentialAction":[{"@type":"ReadAction","target":["https:\/\/akanehinata.eu\/et\/kontaktid-shiba-inu-kutsikad\/"]}]},{"@type":"BreadcrumbList","@id":"https:\/\/akanehinata.eu\/et\/kontaktid-shiba-inu-kutsikad\/#breadcrumb","itemListElement":[{"@type":"ListItem","position":1,"name":"Home","item":"https:\/\/akanehinata.eu\/et\/"},{"@type":"ListItem","position":2,"name":"KONTAKTID"}]},{"@type":"WebSite","@id":"https:\/\/akanehinata.eu\/#website","url":"https:\/\/akanehinata.eu\/","name":"Japanese Shiba Inu Kennel in Estonia","description":"Shiba inu Kennel, Tallinn, Estonia","publisher":{"@id":"https:\/\/akanehinata.eu\/#organization"},"alternateName":"Eesti shiba inu kennel","potentialAction":[{"@type":"SearchAction","target":{"@type":"EntryPoint","urlTemplate":"https:\/\/akanehinata.eu\/?s={search_term_string}"},"query-input":{"@type":"PropertyValueSpecification","valueRequired":true,"valueName":"search_term_string"}}],"inLanguage":"et"},{"@type":"Organization","@id":"https:\/\/akanehinata.eu\/#organization","name":"Akane-Hinata Kennel","alternateName":"Akane-Hinata Shiba Inu Kennel","url":"https:\/\/akanehinata.eu\/","logo":{"@type":"ImageObject","inLanguage":"et","@id":"https:\/\/akanehinata.eu\/#\/schema\/logo\/image\/","url":"https:\/\/akanehinata.eu\/wp-content\/uploads\/Akane_Hinata_logo_color-scaled.jpg","contentUrl":"https:\/\/akanehinata.eu\/wp-content\/uploads\/Akane_Hinata_logo_color-scaled.jpg","width":2560,"height":2560,"caption":"Akane-Hinata Kennel"},"image":{"@id":"https:\/\/akanehinata.eu\/#\/schema\/logo\/image\/"},"sameAs":["https:\/\/www.facebook.com\/shibaeesti"]}]}},"_links":{"self":[{"href":"https:\/\/akanehinata.eu\/et\/wp-json\/wp\/v2\/pages\/1109","targetHints":{"allow":["GET"]}}],"collection":[{"href":"https:\/\/akanehinata.eu\/et\/wp-json\/wp\/v2\/pages"}],"about":[{"href":"https:\/\/akanehinata.eu\/et\/wp-json\/wp\/v2\/types\/page"}],"author":[{"embeddable":true,"href":"https:\/\/akanehinata.eu\/et\/wp-json\/wp\/v2\/users\/1"}],"replies":[{"embeddable":true,"href":"https:\/\/akanehinata.eu\/et\/wp-json\/wp\/v2\/comments?post=1109"}],"version-history":[{"count":25,"href":"https:\/\/akanehinata.eu\/et\/wp-json\/wp\/v2\/pages\/1109\/revisions"}],"predecessor-version":[{"id":4320,"href":"https:\/\/akanehinata.eu\/et\/wp-json\/wp\/v2\/pages\/1109\/revisions\/4320"}],"wp:attachment":[{"href":"https:\/\/akanehinata.eu\/et\/wp-json\/wp\/v2\/media?parent=1109"}],"curies":[{"name":"wp","href":"https:\/\/api.w.org\/{rel}","templated":true}]}}