{"id":1137,"date":"2021-09-20T11:40:37","date_gmt":"2021-09-20T11:40:37","guid":{"rendered":"https:\/\/akanehinata.com\/our-plans\/"},"modified":"2026-03-05T13:13:09","modified_gmt":"2026-03-05T13:13:09","slug":"our-plans","status":"publish","type":"page","link":"https:\/\/akanehinata.eu\/et\/our-plans\/","title":{"rendered":"MEIE PLAANID"},"content":{"rendered":"\t\t<div data-elementor-type=\"wp-page\" data-elementor-id=\"1137\" class=\"elementor elementor-1137 elementor-944\" data-elementor-post-type=\"page\">\n\t\t\t\t\t\t<section class=\"elementor-section elementor-top-section elementor-element elementor-element-7f817be elementor-section-boxed elementor-section-height-default elementor-section-height-default\" data-id=\"7f817be\" data-element_type=\"section\" data-e-type=\"section\">\n\t\t\t\t\t\t<div class=\"elementor-container elementor-column-gap-default\">\n\t\t\t\t\t<div class=\"elementor-column elementor-col-50 elementor-top-column elementor-element elementor-element-afb0a4d\" data-id=\"afb0a4d\" data-element_type=\"column\" data-e-type=\"column\">\n\t\t\t<div class=\"elementor-widget-wrap elementor-element-populated\">\n\t\t\t\t\t\t<div class=\"elementor-element elementor-element-7f75a35 elementor-align-center elementor-mobile-align-left elementor-widget elementor-widget-button\" data-id=\"7f75a35\" data-element_type=\"widget\" data-e-type=\"widget\" data-widget_type=\"button.default\">\n\t\t\t\t<div class=\"elementor-widget-container\">\n\t\t\t\t\t\t\t\t\t<div class=\"elementor-button-wrapper\">\n\t\t\t\t\t<a class=\"elementor-button elementor-button-link elementor-size-sm elementor-animation-shrink\" href=\"https:\/\/akanehinata.eu\/et\/puppies\/\">\n\t\t\t\t\t\t<span class=\"elementor-button-content-wrapper\">\n\t\t\t\t\t\t\t\t\t<span class=\"elementor-button-text\">Meie kutsikad<\/span>\n\t\t\t\t\t<\/span>\n\t\t\t\t\t<\/a>\n\t\t\t\t<\/div>\n\t\t\t\t\t\t\t\t<\/div>\n\t\t\t\t<\/div>\n\t\t\t\t\t<\/div>\n\t\t<\/div>\n\t\t\t\t<div class=\"elementor-column elementor-col-50 elementor-top-column elementor-element elementor-element-73da0b4\" data-id=\"73da0b4\" data-element_type=\"column\" data-e-type=\"column\">\n\t\t\t<div class=\"elementor-widget-wrap elementor-element-populated\">\n\t\t\t\t\t\t<div class=\"elementor-element elementor-element-91974b3 elementor-align-center elementor-widget elementor-widget-button\" data-id=\"91974b3\" data-element_type=\"widget\" data-e-type=\"widget\" data-widget_type=\"button.default\">\n\t\t\t\t<div class=\"elementor-widget-container\">\n\t\t\t\t\t\t\t\t\t<div class=\"elementor-button-wrapper\">\n\t\t\t\t\t<a class=\"elementor-button elementor-button-link elementor-size-sm elementor-animation-shrink\" href=\"https:\/\/akanehinata.eu\/et\/our-plans\/\">\n\t\t\t\t\t\t<span class=\"elementor-button-content-wrapper\">\n\t\t\t\t\t\t\t\t\t<span class=\"elementor-button-text\">Meie plaanid<\/span>\n\t\t\t\t\t<\/span>\n\t\t\t\t\t<\/a>\n\t\t\t\t<\/div>\n\t\t\t\t\t\t\t\t<\/div>\n\t\t\t\t<\/div>\n\t\t\t\t\t<\/div>\n\t\t<\/div>\n\t\t\t\t\t<\/div>\n\t\t<\/section>\n\t\t\t\t<section class=\"elementor-section elementor-top-section elementor-element elementor-element-4ff0470 elementor-section-stretched elementor-section-boxed elementor-section-height-default elementor-section-height-default\" data-id=\"4ff0470\" data-element_type=\"section\" data-e-type=\"section\" data-settings=\"{&quot;stretch_section&quot;:&quot;section-stretched&quot;}\">\n\t\t\t\t\t\t<div class=\"elementor-container elementor-column-gap-wider\">\n\t\t\t\t\t<div class=\"elementor-column elementor-col-100 elementor-top-column elementor-element elementor-element-450633a\" data-id=\"450633a\" data-element_type=\"column\" data-e-type=\"column\">\n\t\t\t<div class=\"elementor-widget-wrap elementor-element-populated\">\n\t\t\t\t\t\t<div class=\"elementor-element elementor-element-3733066 elementor-widget elementor-widget-heading\" data-id=\"3733066\" data-element_type=\"widget\" data-e-type=\"widget\" data-widget_type=\"heading.default\">\n\t\t\t\t<div class=\"elementor-widget-container\">\n\t\t\t\t\t<h1 class=\"elementor-heading-title elementor-size-default\">Planeeritud Shiba Inu pesakonnad \u2013 Akane-Hinata Kennel<\/h1>\t\t\t\t<\/div>\n\t\t\t\t<\/div>\n\t\t\t\t<div class=\"elementor-element elementor-element-4d5ed7b elementor-widget elementor-widget-text-editor\" data-id=\"4d5ed7b\" data-element_type=\"widget\" data-e-type=\"widget\" data-widget_type=\"text-editor.default\">\n\t\t\t\t<div class=\"elementor-widget-container\">\n\t\t\t\t\t\t\t\t\t<p>Akane-Hinata Kennelis planeerime Shiba Inu pesakonnad alati ette.<\/p><p>Sellel lehel saate n\u00e4ha infot planeeritud pesakondade ja tulevaste Shiba Inu kutsikate kohta meie kennelis Eestis.<\/p><h4>Planeeritud Shiba Inu pesakonnad 2026. aastal<\/h4><p>Planeerime mitut Shiba Inu pesakonda. Meie aretusplaanid p\u00f5hinevad koerte tervisel, iseloomul, n\u00e4itusetulemustel ja t\u00f5ustandardile vastavusel.<\/p><p>Meie eesm\u00e4rk on kasvatada terveid, tasakaaluka iseloomuga ja \u00f5ige t\u00f5ut\u00fc\u00fcbiga Shiba Inu kutsikaid, s\u00e4ilitades traditsioonilise Jaapani Shiba Inu v\u00e4limuse ja omadused.<\/p><p><a href=\"https:\/\/akanehinata.eu\/et\/contacts\/\">Kirjutage meile<\/a>, kui olete huvitatud tulevasest Shiba Inu kutsikast v\u00f5i soovite saada rohkem infot planeeritud pesakondade kohta.<\/p>\t\t\t\t\t\t\t\t<\/div>\n\t\t\t\t<\/div>\n\t\t\t\t<div class=\"elementor-element elementor-element-868e5de elementor-widget elementor-widget-image\" data-id=\"868e5de\" data-element_type=\"widget\" data-e-type=\"widget\" data-widget_type=\"image.default\">\n\t\t\t\t<div class=\"elementor-widget-container\">\n\t\t\t\t\t\t\t\t\t\t\t\t\t\t\t<img fetchpriority=\"high\" decoding=\"async\" width=\"1024\" height=\"569\" src=\"https:\/\/akanehinata.eu\/wp-content\/uploads\/448209166_7661447430636252_279494273276865226_n-1024x569.jpg\" class=\"attachment-large size-large wp-image-3262\" alt=\"Professional Shiba Inu breeder\" srcset=\"https:\/\/akanehinata.eu\/wp-content\/uploads\/448209166_7661447430636252_279494273276865226_n-1024x569.jpg 1024w, https:\/\/akanehinata.eu\/wp-content\/uploads\/448209166_7661447430636252_279494273276865226_n-300x167.jpg 300w, https:\/\/akanehinata.eu\/wp-content\/uploads\/448209166_7661447430636252_279494273276865226_n-768x427.jpg 768w, https:\/\/akanehinata.eu\/wp-content\/uploads\/448209166_7661447430636252_279494273276865226_n-50x28.jpg 50w, https:\/\/akanehinata.eu\/wp-content\/uploads\/448209166_7661447430636252_279494273276865226_n-135x75.jpg 135w, https:\/\/akanehinata.eu\/wp-content\/uploads\/448209166_7661447430636252_279494273276865226_n.jpg 1284w\" sizes=\"(max-width: 1024px) 100vw, 1024px\" \/>\t\t\t\t\t\t\t\t\t\t\t\t\t\t\t<\/div>\n\t\t\t\t<\/div>\n\t\t\t\t\t<\/div>\n\t\t<\/div>\n\t\t\t\t\t<\/div>\n\t\t<\/section>\n\t\t\t\t<\/div>\n\t\t","protected":false},"excerpt":{"rendered":"<p>Meie kutsikad Meie plaanid 2026. aastaks plaanime mitu pesakonda. ( Kirjuta meile, kui soovid tulevaste pesakondade j\u00e4rjekorda saada)<\/p>\n","protected":false},"author":1,"featured_media":0,"parent":0,"menu_order":0,"comment_status":"closed","ping_status":"closed","template":"","meta":{"footnotes":""},"class_list":["post-1137","page","type-page","status-publish","hentry"],"yoast_head":"<!-- This site is optimized with the Yoast SEO plugin v26.7 - https:\/\/yoast.com\/wordpress\/plugins\/seo\/ -->\n<title>Planeeritud Shiba Inu pesakonnad | Akane-Hinata Kennel<\/title>\n<meta name=\"description\" content=\"Planeeritud Shiba Inu pesakonnad Akane-Hinata Kennelis Eestis. Info tulevaste Shiba Inu kutsikate ja pesakondade kohta.\" \/>\n<meta name=\"robots\" content=\"index, follow, max-snippet:-1, max-image-preview:large, max-video-preview:-1\" \/>\n<link rel=\"canonical\" href=\"https:\/\/akanehinata.eu\/et\/our-plans\/\" \/>\n<meta property=\"og:locale\" content=\"et_EE\" \/>\n<meta property=\"og:type\" content=\"article\" \/>\n<meta property=\"og:title\" content=\"Planeeritud Shiba Inu pesakonnad | Akane-Hinata Kennel\" \/>\n<meta property=\"og:description\" content=\"Planeeritud Shiba Inu pesakonnad Akane-Hinata Kennelis Eestis. Info tulevaste Shiba Inu kutsikate ja pesakondade kohta.\" \/>\n<meta property=\"og:url\" content=\"https:\/\/akanehinata.eu\/et\/our-plans\/\" \/>\n<meta property=\"og:site_name\" content=\"Japanese Shiba Inu Kennel in Estonia\" \/>\n<meta property=\"article:publisher\" content=\"https:\/\/www.facebook.com\/shibaeesti\" \/>\n<meta property=\"article:modified_time\" content=\"2026-03-05T13:13:09+00:00\" \/>\n<meta name=\"twitter:card\" content=\"summary_large_image\" \/>\n<meta name=\"twitter:label1\" content=\"Est. reading time\" \/>\n\t<meta name=\"twitter:data1\" content=\"1 minut\" \/>\n<script type=\"application\/ld+json\" class=\"yoast-schema-graph\">{\"@context\":\"https:\/\/schema.org\",\"@graph\":[{\"@type\":\"WebPage\",\"@id\":\"https:\/\/akanehinata.eu\/et\/our-plans\/\",\"url\":\"https:\/\/akanehinata.eu\/et\/our-plans\/\",\"name\":\"Planeeritud Shiba Inu pesakonnad | Akane-Hinata Kennel\",\"isPartOf\":{\"@id\":\"https:\/\/akanehinata.eu\/#website\"},\"datePublished\":\"2021-09-20T11:40:37+00:00\",\"dateModified\":\"2026-03-05T13:13:09+00:00\",\"description\":\"Planeeritud Shiba Inu pesakonnad Akane-Hinata Kennelis Eestis. Info tulevaste Shiba Inu kutsikate ja pesakondade kohta.\",\"breadcrumb\":{\"@id\":\"https:\/\/akanehinata.eu\/et\/our-plans\/#breadcrumb\"},\"inLanguage\":\"et\",\"potentialAction\":[{\"@type\":\"ReadAction\",\"target\":[\"https:\/\/akanehinata.eu\/et\/our-plans\/\"]}]},{\"@type\":\"BreadcrumbList\",\"@id\":\"https:\/\/akanehinata.eu\/et\/our-plans\/#breadcrumb\",\"itemListElement\":[{\"@type\":\"ListItem\",\"position\":1,\"name\":\"Home\",\"item\":\"https:\/\/akanehinata.eu\/et\/\"},{\"@type\":\"ListItem\",\"position\":2,\"name\":\"MEIE PLAANID\"}]},{\"@type\":\"WebSite\",\"@id\":\"https:\/\/akanehinata.eu\/#website\",\"url\":\"https:\/\/akanehinata.eu\/\",\"name\":\"Japanese Shiba Inu Kennel in Estonia\",\"description\":\"Shiba inu Kennel, Tallinn, Estonia\",\"publisher\":{\"@id\":\"https:\/\/akanehinata.eu\/#organization\"},\"alternateName\":\"Eesti shiba inu kennel\",\"potentialAction\":[{\"@type\":\"SearchAction\",\"target\":{\"@type\":\"EntryPoint\",\"urlTemplate\":\"https:\/\/akanehinata.eu\/?s={search_term_string}\"},\"query-input\":{\"@type\":\"PropertyValueSpecification\",\"valueRequired\":true,\"valueName\":\"search_term_string\"}}],\"inLanguage\":\"et\"},{\"@type\":\"Organization\",\"@id\":\"https:\/\/akanehinata.eu\/#organization\",\"name\":\"Akane-Hinata Kennel\",\"alternateName\":\"Akane-Hinata Shiba Inu Kennel\",\"url\":\"https:\/\/akanehinata.eu\/\",\"logo\":{\"@type\":\"ImageObject\",\"inLanguage\":\"et\",\"@id\":\"https:\/\/akanehinata.eu\/#\/schema\/logo\/image\/\",\"url\":\"https:\/\/akanehinata.eu\/wp-content\/uploads\/Akane_Hinata_logo_color-scaled.jpg\",\"contentUrl\":\"https:\/\/akanehinata.eu\/wp-content\/uploads\/Akane_Hinata_logo_color-scaled.jpg\",\"width\":2560,\"height\":2560,\"caption\":\"Akane-Hinata Kennel\"},\"image\":{\"@id\":\"https:\/\/akanehinata.eu\/#\/schema\/logo\/image\/\"},\"sameAs\":[\"https:\/\/www.facebook.com\/shibaeesti\"]}]}<\/script>\n<!-- \/ Yoast SEO plugin. -->","yoast_head_json":{"title":"Planeeritud Shiba Inu pesakonnad | Akane-Hinata Kennel","description":"Planeeritud Shiba Inu pesakonnad Akane-Hinata Kennelis Eestis. Info tulevaste Shiba Inu kutsikate ja pesakondade kohta.","robots":{"index":"index","follow":"follow","max-snippet":"max-snippet:-1","max-image-preview":"max-image-preview:large","max-video-preview":"max-video-preview:-1"},"canonical":"https:\/\/akanehinata.eu\/et\/our-plans\/","og_locale":"et_EE","og_type":"article","og_title":"Planeeritud Shiba Inu pesakonnad | Akane-Hinata Kennel","og_description":"Planeeritud Shiba Inu pesakonnad Akane-Hinata Kennelis Eestis. Info tulevaste Shiba Inu kutsikate ja pesakondade kohta.","og_url":"https:\/\/akanehinata.eu\/et\/our-plans\/","og_site_name":"Japanese Shiba Inu Kennel in Estonia","article_publisher":"https:\/\/www.facebook.com\/shibaeesti","article_modified_time":"2026-03-05T13:13:09+00:00","twitter_card":"summary_large_image","twitter_misc":{"Est. reading time":"1 minut"},"schema":{"@context":"https:\/\/schema.org","@graph":[{"@type":"WebPage","@id":"https:\/\/akanehinata.eu\/et\/our-plans\/","url":"https:\/\/akanehinata.eu\/et\/our-plans\/","name":"Planeeritud Shiba Inu pesakonnad | Akane-Hinata Kennel","isPartOf":{"@id":"https:\/\/akanehinata.eu\/#website"},"datePublished":"2021-09-20T11:40:37+00:00","dateModified":"2026-03-05T13:13:09+00:00","description":"Planeeritud Shiba Inu pesakonnad Akane-Hinata Kennelis Eestis. Info tulevaste Shiba Inu kutsikate ja pesakondade kohta.","breadcrumb":{"@id":"https:\/\/akanehinata.eu\/et\/our-plans\/#breadcrumb"},"inLanguage":"et","potentialAction":[{"@type":"ReadAction","target":["https:\/\/akanehinata.eu\/et\/our-plans\/"]}]},{"@type":"BreadcrumbList","@id":"https:\/\/akanehinata.eu\/et\/our-plans\/#breadcrumb","itemListElement":[{"@type":"ListItem","position":1,"name":"Home","item":"https:\/\/akanehinata.eu\/et\/"},{"@type":"ListItem","position":2,"name":"MEIE PLAANID"}]},{"@type":"WebSite","@id":"https:\/\/akanehinata.eu\/#website","url":"https:\/\/akanehinata.eu\/","name":"Japanese Shiba Inu Kennel in Estonia","description":"Shiba inu Kennel, Tallinn, Estonia","publisher":{"@id":"https:\/\/akanehinata.eu\/#organization"},"alternateName":"Eesti shiba inu kennel","potentialAction":[{"@type":"SearchAction","target":{"@type":"EntryPoint","urlTemplate":"https:\/\/akanehinata.eu\/?s={search_term_string}"},"query-input":{"@type":"PropertyValueSpecification","valueRequired":true,"valueName":"search_term_string"}}],"inLanguage":"et"},{"@type":"Organization","@id":"https:\/\/akanehinata.eu\/#organization","name":"Akane-Hinata Kennel","alternateName":"Akane-Hinata Shiba Inu Kennel","url":"https:\/\/akanehinata.eu\/","logo":{"@type":"ImageObject","inLanguage":"et","@id":"https:\/\/akanehinata.eu\/#\/schema\/logo\/image\/","url":"https:\/\/akanehinata.eu\/wp-content\/uploads\/Akane_Hinata_logo_color-scaled.jpg","contentUrl":"https:\/\/akanehinata.eu\/wp-content\/uploads\/Akane_Hinata_logo_color-scaled.jpg","width":2560,"height":2560,"caption":"Akane-Hinata Kennel"},"image":{"@id":"https:\/\/akanehinata.eu\/#\/schema\/logo\/image\/"},"sameAs":["https:\/\/www.facebook.com\/shibaeesti"]}]}},"_links":{"self":[{"href":"https:\/\/akanehinata.eu\/et\/wp-json\/wp\/v2\/pages\/1137","targetHints":{"allow":["GET"]}}],"collection":[{"href":"https:\/\/akanehinata.eu\/et\/wp-json\/wp\/v2\/pages"}],"about":[{"href":"https:\/\/akanehinata.eu\/et\/wp-json\/wp\/v2\/types\/page"}],"author":[{"embeddable":true,"href":"https:\/\/akanehinata.eu\/et\/wp-json\/wp\/v2\/users\/1"}],"replies":[{"embeddable":true,"href":"https:\/\/akanehinata.eu\/et\/wp-json\/wp\/v2\/comments?post=1137"}],"version-history":[{"count":49,"href":"https:\/\/akanehinata.eu\/et\/wp-json\/wp\/v2\/pages\/1137\/revisions"}],"predecessor-version":[{"id":4151,"href":"https:\/\/akanehinata.eu\/et\/wp-json\/wp\/v2\/pages\/1137\/revisions\/4151"}],"wp:attachment":[{"href":"https:\/\/akanehinata.eu\/et\/wp-json\/wp\/v2\/media?parent=1137"}],"curies":[{"name":"wp","href":"https:\/\/api.w.org\/{rel}","templated":true}]}}